{"id":7703,"date":"2025-07-10T22:53:14","date_gmt":"2025-07-10T22:53:14","guid":{"rendered":"http:\/\/localhost:8080\/?page_id=7703"},"modified":"2025-12-31T00:37:11","modified_gmt":"2025-12-31T00:37:11","slug":"elementor-7703","status":"publish","type":"page","link":"https:\/\/cedins.org\/","title":{"rendered":"Elementor #7703"},"content":{"rendered":"\t\t<div data-elementor-type=\"wp-post\" data-elementor-id=\"7703\" class=\"elementor elementor-7703\">\n\t\t\t\t\t\t<section class=\"elementor-section elementor-top-section elementor-element elementor-element-2b5acfe3 elementor-section-boxed elementor-section-height-default elementor-section-height-default\" data-id=\"2b5acfe3\" data-element_type=\"section\" data-e-type=\"section\">\n\t\t\t\t\t\t<div class=\"elementor-container elementor-column-gap-default\">\n\t\t\t\t\t<div class=\"elementor-column elementor-col-100 elementor-top-column elementor-element elementor-element-513973df\" data-id=\"513973df\" data-element_type=\"column\" data-e-type=\"column\">\n\t\t\t<div class=\"elementor-widget-wrap elementor-element-populated\">\n\t\t\t\t\t\t<div class=\"elementor-element elementor-element-e4c8954 elementor-widget elementor-widget-text-editor\" data-id=\"e4c8954\" data-element_type=\"widget\" data-e-type=\"widget\" data-widget_type=\"text-editor.default\">\n\t\t\t\t<div class=\"elementor-widget-container\">\n\t\t\t\t\t\t\t\t\t\n<div class=\"wp-block-group is-layout-flow wp-block-group-is-layout-flow\" style=\"padding-top:30px;padding-right:30px;padding-bottom:30px;padding-left:30px\">\n<div class=\"wp-block-columns is-layout-flex wp-container-core-columns-is-layout-28f84493 wp-block-columns-is-layout-flex\">\n<div class=\"wp-block-column is-layout-flow wp-block-column-is-layout-flow\" style=\"flex-basis:50%\">\n<div class=\"wp-block-query is-layout-flow wp-block-query-is-layout-flow\"><ul class=\"wp-block-post-template is-layout-flow wp-block-post-template-is-layout-flow\"><li class=\"wp-block-post post-9208 post type-post status-publish format-standard has-post-thumbnail hentry category-marxismo-vivo category-praxis-nuestroamericana category-uncategorized tag-935 tag-camilo-torres tag-cedins tag-colombia tag-frente-unido tag-movimientos-de-liberacion tag-teologia-de-la-liberacion\">\n<figure class=\"wp-block-post-featured-image\"><img fetchpriority=\"high\" decoding=\"async\" width=\"800\" height=\"715\" src=\"https:\/\/cedins.org\/wp-content\/uploads\/2025\/10\/camilo60-100pre.png\" class=\"attachment-post-thumbnail size-post-thumbnail wp-post-image\" alt=\"\" style=\"object-fit:cover;\" srcset=\"https:\/\/cedins.org\/wp-content\/uploads\/2025\/10\/camilo60-100pre.png 800w, https:\/\/cedins.org\/wp-content\/uploads\/2025\/10\/camilo60-100pre-300x268.png 300w, https:\/\/cedins.org\/wp-content\/uploads\/2025\/10\/camilo60-100pre-768x686.png 768w, https:\/\/cedins.org\/wp-content\/uploads\/2025\/10\/camilo60-100pre-205x183.png 205w, https:\/\/cedins.org\/wp-content\/uploads\/2025\/10\/camilo60-100pre-480x429.png 480w\" sizes=\"(max-width: 800px) 100vw, 800px\" \/><\/figure>\n\n<h2 class=\"wp-block-post-title\">Camilo Torres 60&amp;100Pre<\/h2>\n\n<div class=\"wp-block-post-date\"><time datetime=\"2026-04-04T18:50:18+00:00\">4 abril, 2026<\/time><\/div>\n\n\n<div style=\"height:200px\" aria-hidden=\"true\" class=\"wp-block-spacer\"><\/div>\n\n<\/li><li class=\"wp-block-post post-9192 post type-post status-publish format-standard has-post-thumbnail hentry category-actualidad category-geopolitica-y-doctrina tag-935 tag-cedins tag-comando-sur-eeuu tag-david-barrios tag-doctrina-de-seguridad-nacional tag-geopolitica tag-imperialismo tag-neocolonialismo tag-observatorio tag-trump\">\n<figure class=\"wp-block-post-featured-image\"><img decoding=\"async\" width=\"1024\" height=\"585\" src=\"https:\/\/cedins.org\/wp-content\/uploads\/2026\/04\/imperialismo1.webp\" class=\"attachment-post-thumbnail size-post-thumbnail wp-post-image\" alt=\"\" style=\"object-fit:cover;\" srcset=\"https:\/\/cedins.org\/wp-content\/uploads\/2026\/04\/imperialismo1.webp 1024w, https:\/\/cedins.org\/wp-content\/uploads\/2026\/04\/imperialismo1-300x171.webp 300w, https:\/\/cedins.org\/wp-content\/uploads\/2026\/04\/imperialismo1-768x439.webp 768w, https:\/\/cedins.org\/wp-content\/uploads\/2026\/04\/imperialismo1-205x117.webp 205w, https:\/\/cedins.org\/wp-content\/uploads\/2026\/04\/imperialismo1-480x274.webp 480w\" sizes=\"(max-width: 1024px) 100vw, 1024px\" \/><\/figure>\n\n<h2 class=\"wp-block-post-title\">Intervenciones neocoloniales de EEUU en Nuestram\u00e9rica y las luchas por el futuro<\/h2>\n\n<div class=\"wp-block-post-date\"><time datetime=\"2026-04-04T17:53:09+00:00\">4 abril, 2026<\/time><\/div>\n\n\n<div style=\"height:200px\" aria-hidden=\"true\" class=\"wp-block-spacer\"><\/div>\n\n<\/li><\/ul><\/div>\n<\/div>\n\n\n\n<div class=\"wp-block-column is-layout-flow wp-block-column-is-layout-flow\" style=\"flex-basis:50%\">\n<div class=\"wp-block-query is-layout-flow wp-block-query-is-layout-flow\"><ul class=\"wp-block-post-template is-layout-flow wp-block-post-template-is-layout-flow\"><li class=\"wp-block-post post-7681 post type-post status-publish format-standard has-post-thumbnail hentry category-actualidad tag-912 tag-cedins tag-colombia tag-constitucion-politica tag-consulta-popular tag-democracia tag-erika-isabel-prieto-j tag-participacion\">\n\n<div style=\"height:200px\" aria-hidden=\"true\" class=\"wp-block-spacer\"><\/div>\n\n\n<figure class=\"wp-block-post-featured-image\"><img decoding=\"async\" width=\"968\" height=\"644\" src=\"https:\/\/cedins.org\/wp-content\/uploads\/2025\/05\/Bogotaestudiantes3_colombia-informa.jpg\" class=\"attachment-post-thumbnail size-post-thumbnail wp-post-image\" alt=\"\" style=\"object-fit:cover;\" srcset=\"https:\/\/cedins.org\/wp-content\/uploads\/2025\/05\/Bogotaestudiantes3_colombia-informa.jpg 968w, https:\/\/cedins.org\/wp-content\/uploads\/2025\/05\/Bogotaestudiantes3_colombia-informa-300x200.jpg 300w, https:\/\/cedins.org\/wp-content\/uploads\/2025\/05\/Bogotaestudiantes3_colombia-informa-768x511.jpg 768w\" sizes=\"(max-width: 968px) 100vw, 968px\" \/><\/figure>\n\n<h2 class=\"wp-block-post-title\">Colombia, una democracia de papel: reflexiones de cara a la Consulta Popular<\/h2>\n\n<div class=\"wp-block-post-date\"><time datetime=\"2025-05-15T23:10:57+00:00\">15 mayo, 2025<\/time><\/div>\n<\/li><li class=\"wp-block-post post-7672 post type-post status-publish format-standard has-post-thumbnail hentry category-actualidad tag-60-anos tag-cedins tag-formacion-politica tag-marxismo tag-revolucion tag-socialismo\">\n\n<div style=\"height:200px\" aria-hidden=\"true\" class=\"wp-block-spacer\"><\/div>\n\n\n<figure class=\"wp-block-post-featured-image\"><img loading=\"lazy\" decoding=\"async\" width=\"1000\" height=\"707\" src=\"https:\/\/cedins.org\/wp-content\/uploads\/2025\/05\/60ins1.png\" class=\"attachment-post-thumbnail size-post-thumbnail wp-post-image\" alt=\"\" style=\"object-fit:cover;\" srcset=\"https:\/\/cedins.org\/wp-content\/uploads\/2025\/05\/60ins1.png 1000w, https:\/\/cedins.org\/wp-content\/uploads\/2025\/05\/60ins1-300x212.png 300w, https:\/\/cedins.org\/wp-content\/uploads\/2025\/05\/60ins1-768x543.png 768w\" sizes=\"(max-width: 1000px) 100vw, 1000px\" \/><\/figure>\n\n<h2 class=\"wp-block-post-title\">CEDINS: 1ro de mayo de 2025, 60 a\u00f1os de lucha pol\u00edtica e ideol\u00f3gica<\/h2>\n\n<div class=\"wp-block-post-date\"><time datetime=\"2025-05-01T17:18:07+00:00\">1 mayo, 2025<\/time><\/div>\n<\/li><\/ul><\/div>\n<\/div>\n<\/div>\n<\/div>\n\n\n\n<div class=\"wp-block-query alignfull is-layout-flow wp-block-query-is-layout-flow\">\n<div class=\"wp-block-group alignfull is-layout-flow wp-block-group-is-layout-flow\" style=\"padding-top:0;padding-right:var(--wp--preset--spacing--40);padding-bottom:var(--wp--preset--spacing--40);padding-left:var(--wp--preset--spacing--40)\"><ul style=\"text-transform:none;\" class=\"alignfull wp-block-post-template is-layout-flow wp-block-post-template-is-layout-flow\"><li class=\"wp-block-post post-9208 post type-post status-publish format-standard has-post-thumbnail hentry category-marxismo-vivo category-praxis-nuestroamericana category-uncategorized tag-935 tag-camilo-torres tag-cedins tag-colombia tag-frente-unido tag-movimientos-de-liberacion tag-teologia-de-la-liberacion\">\n\n<div class=\"wp-block-group is-layout-flow wp-container-core-group-is-layout-2f0c1fab wp-block-group-is-layout-flow\" style=\"padding-bottom:var(--wp--preset--spacing--50)\">\n<div class=\"wp-block-group is-content-justification-space-between is-nowrap is-layout-flex wp-container-core-group-is-layout-b4f66ff3 wp-block-group-is-layout-flex\" style=\"border-bottom-color:var(--wp--preset--color--contrast);border-bottom-width:4px;padding-top:var(--wp--preset--spacing--30);padding-right:0;padding-bottom:var(--wp--preset--spacing--30);padding-left:0\"><div style=\"font-size:2rem;font-style:normal;font-weight:600;letter-spacing:1px; margin-top:0;margin-right:0;margin-bottom:0;margin-left:0;\" class=\"has-text-align-left has-link-color wp-elements-5813a8450eb0347cfdf34f1870882db6 wp-block-post-date has-text-color has-contrast-color\"><time datetime=\"2026-04-04T18:50:18+00:00\">04.4<\/time><\/div>\n\n<div style=\"font-size:2rem;font-style:normal;font-weight:600;letter-spacing:1px; margin-top:0;margin-right:0;margin-bottom:0;margin-left:0;\" class=\"has-text-align-left has-link-color wp-elements-672016f5c95dcb277e0d666c7795c645 wp-block-post-date has-text-color has-contrast-color\"><time datetime=\"2026-04-04T18:50:18+00:00\">2026<\/time><\/div><\/div>\n\n\n<h2 style=\"font-size:4.6rem;font-style:normal;font-weight:600;line-height:1.1; padding-top:var(--wp--preset--spacing--30);\" class=\"has-link-color wp-elements-b5fa43084743aafd1d185f08a32e7678 wp-block-post-title has-text-color has-contrast-color\"><a href=\"https:\/\/cedins.org\/index.php\/2026\/04\/04\/elementor-9208\/\" target=\"_self\" >Camilo Torres 60&amp;100Pre<\/a><\/h2><\/div>\n\n<\/li><li class=\"wp-block-post post-9192 post type-post status-publish format-standard has-post-thumbnail hentry category-actualidad category-geopolitica-y-doctrina tag-935 tag-cedins tag-comando-sur-eeuu tag-david-barrios tag-doctrina-de-seguridad-nacional tag-geopolitica tag-imperialismo tag-neocolonialismo tag-observatorio tag-trump\">\n\n<div class=\"wp-block-group is-layout-flow wp-container-core-group-is-layout-2f0c1fab wp-block-group-is-layout-flow\" style=\"padding-bottom:var(--wp--preset--spacing--50)\">\n<div class=\"wp-block-group is-content-justification-space-between is-nowrap is-layout-flex wp-container-core-group-is-layout-b4f66ff3 wp-block-group-is-layout-flex\" style=\"border-bottom-color:var(--wp--preset--color--contrast);border-bottom-width:4px;padding-top:var(--wp--preset--spacing--30);padding-right:0;padding-bottom:var(--wp--preset--spacing--30);padding-left:0\"><div style=\"font-size:2rem;font-style:normal;font-weight:600;letter-spacing:1px; margin-top:0;margin-right:0;margin-bottom:0;margin-left:0;\" class=\"has-text-align-left has-link-color wp-elements-5813a8450eb0347cfdf34f1870882db6 wp-block-post-date has-text-color has-contrast-color\"><time datetime=\"2026-04-04T17:53:09+00:00\">04.4<\/time><\/div>\n\n<div style=\"font-size:2rem;font-style:normal;font-weight:600;letter-spacing:1px; margin-top:0;margin-right:0;margin-bottom:0;margin-left:0;\" class=\"has-text-align-left has-link-color wp-elements-672016f5c95dcb277e0d666c7795c645 wp-block-post-date has-text-color has-contrast-color\"><time datetime=\"2026-04-04T17:53:09+00:00\">2026<\/time><\/div><\/div>\n\n\n<h2 style=\"font-size:4.6rem;font-style:normal;font-weight:600;line-height:1.1; padding-top:var(--wp--preset--spacing--30);\" class=\"has-link-color wp-elements-b5fa43084743aafd1d185f08a32e7678 wp-block-post-title has-text-color has-contrast-color\"><a href=\"https:\/\/cedins.org\/index.php\/2026\/04\/04\/intervenciones-neocoloniales-de-eeuu-en-nuestramerica-y-las-luchas-por-el-futuro\/\" target=\"_self\" >Intervenciones neocoloniales de EEUU en Nuestram\u00e9rica y las luchas por el futuro<\/a><\/h2><\/div>\n\n<\/li><li class=\"wp-block-post post-7681 post type-post status-publish format-standard has-post-thumbnail hentry category-actualidad tag-912 tag-cedins tag-colombia tag-constitucion-politica tag-consulta-popular tag-democracia tag-erika-isabel-prieto-j tag-participacion\">\n\n<div class=\"wp-block-group is-layout-flow wp-container-core-group-is-layout-2f0c1fab wp-block-group-is-layout-flow\" style=\"padding-bottom:var(--wp--preset--spacing--50)\">\n<div class=\"wp-block-group is-content-justification-space-between is-nowrap is-layout-flex wp-container-core-group-is-layout-b4f66ff3 wp-block-group-is-layout-flex\" style=\"border-bottom-color:var(--wp--preset--color--contrast);border-bottom-width:4px;padding-top:var(--wp--preset--spacing--30);padding-right:0;padding-bottom:var(--wp--preset--spacing--30);padding-left:0\"><div style=\"font-size:2rem;font-style:normal;font-weight:600;letter-spacing:1px; margin-top:0;margin-right:0;margin-bottom:0;margin-left:0;\" class=\"has-text-align-left has-link-color wp-elements-5813a8450eb0347cfdf34f1870882db6 wp-block-post-date has-text-color has-contrast-color\"><time datetime=\"2025-05-15T23:10:57+00:00\">05.15<\/time><\/div>\n\n<div style=\"font-size:2rem;font-style:normal;font-weight:600;letter-spacing:1px; margin-top:0;margin-right:0;margin-bottom:0;margin-left:0;\" class=\"has-text-align-left has-link-color wp-elements-672016f5c95dcb277e0d666c7795c645 wp-block-post-date has-text-color has-contrast-color\"><time datetime=\"2025-05-15T23:10:57+00:00\">2025<\/time><\/div><\/div>\n\n\n<h2 style=\"font-size:4.6rem;font-style:normal;font-weight:600;line-height:1.1; padding-top:var(--wp--preset--spacing--30);\" class=\"has-link-color wp-elements-b5fa43084743aafd1d185f08a32e7678 wp-block-post-title has-text-color has-contrast-color\"><a href=\"https:\/\/cedins.org\/index.php\/2025\/05\/15\/colombia-una-democracia-de-papel-reflexiones-de-cara-a-la-consulta-popular\/\" target=\"_self\" >Colombia, una democracia de papel: reflexiones de cara a la Consulta Popular<\/a><\/h2><\/div>\n\n<\/li><\/ul><\/div>\n\n\n\n<div class=\"wp-block-group is-layout-flow wp-block-group-is-layout-flow\" style=\"margin-top:0;margin-bottom:0;padding-top:var(--wp--preset--spacing--40);padding-right:var(--wp--preset--spacing--40);padding-bottom:var(--wp--preset--spacing--40);padding-left:var(--wp--preset--spacing--40)\"><nav class=\"wp-block-query-pagination is-content-justification-space-between is-nowrap is-layout-flex wp-container-core-query-pagination-is-layout-cb46ffcb wp-block-query-pagination-is-layout-flex\" aria-label=\"Paginaci\u00f3n\">\n\n\n<a href=\"\/index.php\/wp-json\/wp\/v2\/pages\/7703?query-1-page=2\" style=\"font-size:2rem;font-style:normal;font-weight:600;text-transform:uppercase;letter-spacing:1px;\" class=\"wp-block-query-pagination-next\">P\u00e1gina siguiente<\/a>\n<\/nav><\/div>\n<\/div>\n\n\n\n<div class=\"wp-block-query alignfull is-layout-flow wp-block-query-is-layout-flow\">\n<div class=\"wp-block-group alignfull is-layout-flow wp-block-group-is-layout-flow\" style=\"padding-top:0;padding-right:var(--wp--preset--spacing--40);padding-bottom:var(--wp--preset--spacing--40);padding-left:var(--wp--preset--spacing--40)\"><ul style=\"text-transform:none;\" class=\"alignfull wp-block-post-template is-layout-flow wp-block-post-template-is-layout-flow\"><li class=\"wp-block-post post-9208 post type-post status-publish format-standard has-post-thumbnail hentry category-marxismo-vivo category-praxis-nuestroamericana category-uncategorized tag-935 tag-camilo-torres tag-cedins tag-colombia tag-frente-unido tag-movimientos-de-liberacion tag-teologia-de-la-liberacion\">\n\n<div class=\"wp-block-group is-layout-flow wp-container-core-group-is-layout-2f0c1fab wp-block-group-is-layout-flow\" style=\"padding-bottom:var(--wp--preset--spacing--50)\">\n<div class=\"wp-block-group is-content-justification-space-between is-nowrap is-layout-flex wp-container-core-group-is-layout-b4f66ff3 wp-block-group-is-layout-flex\" style=\"border-bottom-color:var(--wp--preset--color--contrast);border-bottom-width:4px;padding-top:var(--wp--preset--spacing--30);padding-right:0;padding-bottom:var(--wp--preset--spacing--30);padding-left:0\"><div style=\"font-size:2rem;font-style:normal;font-weight:600;letter-spacing:1px; margin-top:0;margin-right:0;margin-bottom:0;margin-left:0;\" class=\"has-text-align-left has-link-color wp-elements-5813a8450eb0347cfdf34f1870882db6 wp-block-post-date has-text-color has-contrast-color\"><time datetime=\"2026-04-04T18:50:18+00:00\">04.4<\/time><\/div>\n\n<div style=\"font-size:2rem;font-style:normal;font-weight:600;letter-spacing:1px; margin-top:0;margin-right:0;margin-bottom:0;margin-left:0;\" class=\"has-text-align-left has-link-color wp-elements-672016f5c95dcb277e0d666c7795c645 wp-block-post-date has-text-color has-contrast-color\"><time datetime=\"2026-04-04T18:50:18+00:00\">2026<\/time><\/div><\/div>\n\n\n<h2 style=\"font-size:4.6rem;font-style:normal;font-weight:600;line-height:1.1; padding-top:var(--wp--preset--spacing--30);\" class=\"has-link-color wp-elements-b5fa43084743aafd1d185f08a32e7678 wp-block-post-title has-text-color has-contrast-color\"><a href=\"https:\/\/cedins.org\/index.php\/2026\/04\/04\/elementor-9208\/\" target=\"_self\" >Camilo Torres 60&amp;100Pre<\/a><\/h2><\/div>\n\n<\/li><li class=\"wp-block-post post-9192 post type-post status-publish format-standard has-post-thumbnail hentry category-actualidad category-geopolitica-y-doctrina tag-935 tag-cedins tag-comando-sur-eeuu tag-david-barrios tag-doctrina-de-seguridad-nacional tag-geopolitica tag-imperialismo tag-neocolonialismo tag-observatorio tag-trump\">\n\n<div class=\"wp-block-group is-layout-flow wp-container-core-group-is-layout-2f0c1fab wp-block-group-is-layout-flow\" style=\"padding-bottom:var(--wp--preset--spacing--50)\">\n<div class=\"wp-block-group is-content-justification-space-between is-nowrap is-layout-flex wp-container-core-group-is-layout-b4f66ff3 wp-block-group-is-layout-flex\" style=\"border-bottom-color:var(--wp--preset--color--contrast);border-bottom-width:4px;padding-top:var(--wp--preset--spacing--30);padding-right:0;padding-bottom:var(--wp--preset--spacing--30);padding-left:0\"><div style=\"font-size:2rem;font-style:normal;font-weight:600;letter-spacing:1px; margin-top:0;margin-right:0;margin-bottom:0;margin-left:0;\" class=\"has-text-align-left has-link-color wp-elements-5813a8450eb0347cfdf34f1870882db6 wp-block-post-date has-text-color has-contrast-color\"><time datetime=\"2026-04-04T17:53:09+00:00\">04.4<\/time><\/div>\n\n<div style=\"font-size:2rem;font-style:normal;font-weight:600;letter-spacing:1px; margin-top:0;margin-right:0;margin-bottom:0;margin-left:0;\" class=\"has-text-align-left has-link-color wp-elements-672016f5c95dcb277e0d666c7795c645 wp-block-post-date has-text-color has-contrast-color\"><time datetime=\"2026-04-04T17:53:09+00:00\">2026<\/time><\/div><\/div>\n\n\n<h2 style=\"font-size:4.6rem;font-style:normal;font-weight:600;line-height:1.1; padding-top:var(--wp--preset--spacing--30);\" class=\"has-link-color wp-elements-b5fa43084743aafd1d185f08a32e7678 wp-block-post-title has-text-color has-contrast-color\"><a href=\"https:\/\/cedins.org\/index.php\/2026\/04\/04\/intervenciones-neocoloniales-de-eeuu-en-nuestramerica-y-las-luchas-por-el-futuro\/\" target=\"_self\" >Intervenciones neocoloniales de EEUU en Nuestram\u00e9rica y las luchas por el futuro<\/a><\/h2><\/div>\n\n<\/li><li class=\"wp-block-post post-7681 post type-post status-publish format-standard has-post-thumbnail hentry category-actualidad tag-912 tag-cedins tag-colombia tag-constitucion-politica tag-consulta-popular tag-democracia tag-erika-isabel-prieto-j tag-participacion\">\n\n<div class=\"wp-block-group is-layout-flow wp-container-core-group-is-layout-2f0c1fab wp-block-group-is-layout-flow\" style=\"padding-bottom:var(--wp--preset--spacing--50)\">\n<div class=\"wp-block-group is-content-justification-space-between is-nowrap is-layout-flex wp-container-core-group-is-layout-b4f66ff3 wp-block-group-is-layout-flex\" style=\"border-bottom-color:var(--wp--preset--color--contrast);border-bottom-width:4px;padding-top:var(--wp--preset--spacing--30);padding-right:0;padding-bottom:var(--wp--preset--spacing--30);padding-left:0\"><div style=\"font-size:2rem;font-style:normal;font-weight:600;letter-spacing:1px; margin-top:0;margin-right:0;margin-bottom:0;margin-left:0;\" class=\"has-text-align-left has-link-color wp-elements-5813a8450eb0347cfdf34f1870882db6 wp-block-post-date has-text-color has-contrast-color\"><time datetime=\"2025-05-15T23:10:57+00:00\">05.15<\/time><\/div>\n\n<div style=\"font-size:2rem;font-style:normal;font-weight:600;letter-spacing:1px; margin-top:0;margin-right:0;margin-bottom:0;margin-left:0;\" class=\"has-text-align-left has-link-color wp-elements-672016f5c95dcb277e0d666c7795c645 wp-block-post-date has-text-color has-contrast-color\"><time datetime=\"2025-05-15T23:10:57+00:00\">2025<\/time><\/div><\/div>\n\n\n<h2 style=\"font-size:4.6rem;font-style:normal;font-weight:600;line-height:1.1; padding-top:var(--wp--preset--spacing--30);\" class=\"has-link-color wp-elements-b5fa43084743aafd1d185f08a32e7678 wp-block-post-title has-text-color has-contrast-color\"><a href=\"https:\/\/cedins.org\/index.php\/2025\/05\/15\/colombia-una-democracia-de-papel-reflexiones-de-cara-a-la-consulta-popular\/\" target=\"_self\" >Colombia, una democracia de papel: reflexiones de cara a la Consulta Popular<\/a><\/h2><\/div>\n\n<\/li><\/ul><\/div>\n\n\n\n<div class=\"wp-block-group is-layout-flow wp-block-group-is-layout-flow\" style=\"margin-top:0;margin-bottom:0;padding-top:var(--wp--preset--spacing--40);padding-right:var(--wp--preset--spacing--40);padding-bottom:var(--wp--preset--spacing--40);padding-left:var(--wp--preset--spacing--40)\"><nav class=\"wp-block-query-pagination is-content-justification-space-between is-nowrap is-layout-flex wp-container-core-query-pagination-is-layout-cb46ffcb wp-block-query-pagination-is-layout-flex\" aria-label=\"Paginaci\u00f3n\">\n\n\n<a href=\"\/index.php\/wp-json\/wp\/v2\/pages\/7703?query-1-page=2\" style=\"font-size:2rem;font-style:normal;font-weight:600;text-transform:uppercase;letter-spacing:1px;\" class=\"wp-block-query-pagination-next\">P\u00e1gina siguiente<\/a>\n<\/nav><\/div>\n<\/div>\n\n\n\n<p><\/p>\n\t\t\t\t\t\t\t\t<\/div>\n\t\t\t\t<\/div>\n\t\t\t\t\t<\/div>\n\t\t<\/div>\n\t\t\t\t\t<\/div>\n\t\t<\/section>\n\t\t\t\t<\/div>\n\t\t","protected":false},"excerpt":{"rendered":"","protected":false},"author":8,"featured_media":0,"parent":0,"menu_order":0,"comment_status":"closed","ping_status":"closed","template":"","meta":{"footnotes":""},"class_list":["post-7703","page","type-page","status-publish","hentry"],"_links":{"self":[{"href":"https:\/\/cedins.org\/index.php\/wp-json\/wp\/v2\/pages\/7703","targetHints":{"allow":["GET"]}}],"collection":[{"href":"https:\/\/cedins.org\/index.php\/wp-json\/wp\/v2\/pages"}],"about":[{"href":"https:\/\/cedins.org\/index.php\/wp-json\/wp\/v2\/types\/page"}],"author":[{"embeddable":true,"href":"https:\/\/cedins.org\/index.php\/wp-json\/wp\/v2\/users\/8"}],"replies":[{"embeddable":true,"href":"https:\/\/cedins.org\/index.php\/wp-json\/wp\/v2\/comments?post=7703"}],"version-history":[{"count":4,"href":"https:\/\/cedins.org\/index.php\/wp-json\/wp\/v2\/pages\/7703\/revisions"}],"predecessor-version":[{"id":8470,"href":"https:\/\/cedins.org\/index.php\/wp-json\/wp\/v2\/pages\/7703\/revisions\/8470"}],"wp:attachment":[{"href":"https:\/\/cedins.org\/index.php\/wp-json\/wp\/v2\/media?parent=7703"}],"curies":[{"name":"wp","href":"https:\/\/api.w.org\/{rel}","templated":true}]}}